{"id":330,"date":"2020-07-22T15:46:56","date_gmt":"2020-07-22T15:46:56","guid":{"rendered":"http:\/\/labs.eveil.com.ar\/?page_id=330"},"modified":"2020-07-27T15:34:28","modified_gmt":"2020-07-27T15:34:28","slug":"elementor-330","status":"publish","type":"page","link":"https:\/\/labs.eveil.com.ar\/index.php\/elementor-330\/","title":{"rendered":"Sobre nosotros"},"content":{"rendered":"\t\t<div data-elementor-type=\"wp-page\" data-elementor-id=\"330\" class=\"elementor elementor-330\">\n\t\t\t\t\t\t<section class=\"elementor-section elementor-top-section elementor-element elementor-element-62747d82 elementor-section-boxed elementor-section-height-default elementor-section-height-default parallax_section_no qode_elementor_container_no\" data-id=\"62747d82\" data-element_type=\"section\">\n\t\t\t\t\t\t<div class=\"elementor-container elementor-column-gap-default\">\n\t\t\t\t\t<div class=\"elementor-column elementor-col-100 elementor-top-column elementor-element elementor-element-4f4d5fdd\" data-id=\"4f4d5fdd\" data-element_type=\"column\">\n\t\t\t<div class=\"elementor-widget-wrap elementor-element-populated\">\n\t\t\t\t\t\t<div class=\"elementor-element elementor-element-102bc706 elementor-widget elementor-widget-text-editor\" data-id=\"102bc706\" data-element_type=\"widget\" data-widget_type=\"text-editor.default\">\n\t\t\t\t<div class=\"elementor-widget-container\">\n\t\t\t\t\t\t\t\t\t<h4>Un compa\u00f1\u00eda especializada en procesos de transformaci\u00f3n en el mundo organizacional.<\/h4><h4><span style=\"color: #fe4a49;\"><b>Play the change.<\/b><\/span><\/h4>\t\t\t\t\t\t\t\t<\/div>\n\t\t\t\t<\/div>\n\t\t\t\t<div class=\"elementor-element elementor-element-76648b26 elementor-widget elementor-widget-spacer\" data-id=\"76648b26\" data-element_type=\"widget\" data-widget_type=\"spacer.default\">\n\t\t\t\t<div class=\"elementor-widget-container\">\n\t\t\t\t\t\t\t<div class=\"elementor-spacer\">\n\t\t\t<div class=\"elementor-spacer-inner\"><\/div>\n\t\t<\/div>\n\t\t\t\t\t\t<\/div>\n\t\t\t\t<\/div>\n\t\t\t\t\t<\/div>\n\t\t<\/div>\n\t\t\t\t\t<\/div>\n\t\t<\/section>\n\t\t\t\t<section class=\"elementor-section elementor-top-section elementor-element elementor-element-73e850f4 elementor-section-boxed elementor-section-height-default elementor-section-height-default parallax_section_no qode_elementor_container_no\" data-id=\"73e850f4\" data-element_type=\"section\">\n\t\t\t\t\t\t<div class=\"elementor-container elementor-column-gap-wide\">\n\t\t\t\t\t<div class=\"elementor-column elementor-col-50 elementor-top-column elementor-element elementor-element-18c0f86f\" data-id=\"18c0f86f\" data-element_type=\"column\">\n\t\t\t<div class=\"elementor-widget-wrap elementor-element-populated\">\n\t\t\t\t\t\t<div class=\"elementor-element elementor-element-79f46535 elementor-widget elementor-widget-image\" data-id=\"79f46535\" data-element_type=\"widget\" data-widget_type=\"image.default\">\n\t\t\t\t<div class=\"elementor-widget-container\">\n\t\t\t\t\t\t\t\t\t\t\t\t\t\t\t<img fetchpriority=\"high\" decoding=\"async\" width=\"300\" height=\"225\" src=\"https:\/\/labs.eveil.com.ar\/wp-content\/uploads\/2020\/06\/fotosmarcel-300x225.jpg\" class=\"attachment-medium size-medium wp-image-96\" alt=\"\" srcset=\"https:\/\/labs.eveil.com.ar\/wp-content\/uploads\/2020\/06\/fotosmarcel-300x225.jpg 300w, https:\/\/labs.eveil.com.ar\/wp-content\/uploads\/2020\/06\/fotosmarcel.jpg 600w\" sizes=\"(max-width: 300px) 100vw, 300px\" \/>\t\t\t\t\t\t\t\t\t\t\t\t\t\t\t<\/div>\n\t\t\t\t<\/div>\n\t\t\t\t<div class=\"elementor-element elementor-element-3a9bcec7 elementor-widget elementor-widget-heading\" data-id=\"3a9bcec7\" data-element_type=\"widget\" data-widget_type=\"heading.default\">\n\t\t\t\t<div class=\"elementor-widget-container\">\n\t\t\t\t\t<h1 class=\"elementor-heading-title elementor-size-default\">Marcela Lomba<\/h1>\t\t\t\t<\/div>\n\t\t\t\t<\/div>\n\t\t\t\t<div class=\"elementor-element elementor-element-28a8685e elementor-widget elementor-widget-heading\" data-id=\"28a8685e\" data-element_type=\"widget\" data-widget_type=\"heading.default\">\n\t\t\t\t<div class=\"elementor-widget-container\">\n\t\t\t\t\t<h5 class=\"elementor-heading-title elementor-size-default\">directora<\/h5>\t\t\t\t<\/div>\n\t\t\t\t<\/div>\n\t\t\t\t<div class=\"elementor-element elementor-element-d8b51fc elementor-widget-divider--view-line elementor-widget elementor-widget-divider\" data-id=\"d8b51fc\" data-element_type=\"widget\" data-widget_type=\"divider.default\">\n\t\t\t\t<div class=\"elementor-widget-container\">\n\t\t\t\t\t\t\t<div class=\"elementor-divider\">\n\t\t\t<span class=\"elementor-divider-separator\">\n\t\t\t\t\t\t<\/span>\n\t\t<\/div>\n\t\t\t\t\t\t<\/div>\n\t\t\t\t<\/div>\n\t\t\t\t<div class=\"elementor-element elementor-element-42e97324 elementor-shape-circle e-grid-align-left elementor-grid-0 elementor-widget elementor-widget-social-icons\" data-id=\"42e97324\" data-element_type=\"widget\" data-widget_type=\"social-icons.default\">\n\t\t\t\t<div class=\"elementor-widget-container\">\n\t\t\t\t\t\t\t<div class=\"elementor-social-icons-wrapper elementor-grid\">\n\t\t\t\t\t\t\t<span class=\"elementor-grid-item\">\n\t\t\t\t\t<a class=\"elementor-icon elementor-social-icon elementor-social-icon-linkedin elementor-repeater-item-ba888b8\" href=\"https:\/\/www.linkedin.com\/in\/marcela-lomba\/\" target=\"_blank\">\n\t\t\t\t\t\t<span class=\"elementor-screen-only\">Linkedin<\/span>\n\t\t\t\t\t\t<i class=\"fab fa-linkedin\"><\/i>\t\t\t\t\t<\/a>\n\t\t\t\t<\/span>\n\t\t\t\t\t<\/div>\n\t\t\t\t\t\t<\/div>\n\t\t\t\t<\/div>\n\t\t\t\t<div class=\"elementor-element elementor-element-421eb23c elementor-widget elementor-widget-text-editor\" data-id=\"421eb23c\" data-element_type=\"widget\" data-widget_type=\"text-editor.default\">\n\t\t\t\t<div class=\"elementor-widget-container\">\n\t\t\t\t\t\t\t\t\t<p style=\"text-align: left;\">Especialista en desarrollo de carrera y orientaci\u00f3n profesional. Con m\u00e1s de 20 a\u00f1os de experiencia en el \u00e1mbito corporativo, acad\u00e9mico y de consultor\u00eda, fue responsable de la unidad de Trading de Petr\u00f3leo y Gas en P\u00e9rez Companc, gerenta de Procesos y Soluciones de IT en Petrobras, directora del MBA en la Universidad de San Andr\u00e9s y directora de Desarrollo de Talento en Lee Hecht Harrison Argentina. Adem\u00e1s, es <em>coach <\/em>certificada por Newfield Consulting y ha conducido procesos de transformaci\u00f3n personal, de equipos y organizaciones. Es historiadora, licenciada en Administraci\u00f3n y MBA. Actualmente, se desempe\u00f1a como docente en el Instituto Tecnol\u00f3gico de Buenos Aires (ITBA), es directora acad\u00e9mica en la Fundaci\u00f3n FLOR y, desde EVEIL, ayuda para que m\u00e1s personas encuentren sentido en su trabajo.<\/p>\t\t\t\t\t\t\t\t<\/div>\n\t\t\t\t<\/div>\n\t\t\t\t\t<\/div>\n\t\t<\/div>\n\t\t\t\t<div class=\"elementor-column elementor-col-50 elementor-top-column elementor-element elementor-element-7ed36a2d\" data-id=\"7ed36a2d\" data-element_type=\"column\">\n\t\t\t<div class=\"elementor-widget-wrap elementor-element-populated\">\n\t\t\t\t\t\t<div class=\"elementor-element elementor-element-204d72d3 elementor-widget elementor-widget-image\" data-id=\"204d72d3\" data-element_type=\"widget\" data-widget_type=\"image.default\">\n\t\t\t\t<div class=\"elementor-widget-container\">\n\t\t\t\t\t\t\t\t\t\t\t\t\t\t\t<img decoding=\"async\" width=\"300\" height=\"225\" src=\"https:\/\/labs.eveil.com.ar\/wp-content\/uploads\/2020\/06\/fotoscecsar-300x225.jpg\" class=\"attachment-medium size-medium wp-image-95\" alt=\"\" srcset=\"https:\/\/labs.eveil.com.ar\/wp-content\/uploads\/2020\/06\/fotoscecsar-300x225.jpg 300w, https:\/\/labs.eveil.com.ar\/wp-content\/uploads\/2020\/06\/fotoscecsar.jpg 600w\" sizes=\"(max-width: 300px) 100vw, 300px\" \/>\t\t\t\t\t\t\t\t\t\t\t\t\t\t\t<\/div>\n\t\t\t\t<\/div>\n\t\t\t\t<div class=\"elementor-element elementor-element-7e8e2f2a elementor-widget elementor-widget-heading\" data-id=\"7e8e2f2a\" data-element_type=\"widget\" data-widget_type=\"heading.default\">\n\t\t\t\t<div class=\"elementor-widget-container\">\n\t\t\t\t\t<h1 class=\"elementor-heading-title elementor-size-default\">C\u00e9sar Jorge<\/h1>\t\t\t\t<\/div>\n\t\t\t\t<\/div>\n\t\t\t\t<div class=\"elementor-element elementor-element-3daaa287 elementor-widget elementor-widget-heading\" data-id=\"3daaa287\" data-element_type=\"widget\" data-widget_type=\"heading.default\">\n\t\t\t\t<div class=\"elementor-widget-container\">\n\t\t\t\t\t<h5 class=\"elementor-heading-title elementor-size-default\">director<\/h5>\t\t\t\t<\/div>\n\t\t\t\t<\/div>\n\t\t\t\t<div class=\"elementor-element elementor-element-5cecdfe elementor-widget-divider--view-line elementor-widget elementor-widget-divider\" data-id=\"5cecdfe\" data-element_type=\"widget\" data-widget_type=\"divider.default\">\n\t\t\t\t<div class=\"elementor-widget-container\">\n\t\t\t\t\t\t\t<div class=\"elementor-divider\">\n\t\t\t<span class=\"elementor-divider-separator\">\n\t\t\t\t\t\t<\/span>\n\t\t<\/div>\n\t\t\t\t\t\t<\/div>\n\t\t\t\t<\/div>\n\t\t\t\t<div class=\"elementor-element elementor-element-512913b4 elementor-shape-circle e-grid-align-left elementor-grid-0 elementor-widget elementor-widget-social-icons\" data-id=\"512913b4\" data-element_type=\"widget\" data-widget_type=\"social-icons.default\">\n\t\t\t\t<div class=\"elementor-widget-container\">\n\t\t\t\t\t\t\t<div class=\"elementor-social-icons-wrapper elementor-grid\">\n\t\t\t\t\t\t\t<span class=\"elementor-grid-item\">\n\t\t\t\t\t<a class=\"elementor-icon elementor-social-icon elementor-social-icon-linkedin elementor-repeater-item-ba888b8\" href=\"https:\/\/www.linkedin.com\/in\/cesarjorge1\/\" target=\"_blank\">\n\t\t\t\t\t\t<span class=\"elementor-screen-only\">Linkedin<\/span>\n\t\t\t\t\t\t<i class=\"fab fa-linkedin\"><\/i>\t\t\t\t\t<\/a>\n\t\t\t\t<\/span>\n\t\t\t\t\t<\/div>\n\t\t\t\t\t\t<\/div>\n\t\t\t\t<\/div>\n\t\t\t\t<div class=\"elementor-element elementor-element-539b544b elementor-widget elementor-widget-text-editor\" data-id=\"539b544b\" data-element_type=\"widget\" data-widget_type=\"text-editor.default\">\n\t\t\t\t<div class=\"elementor-widget-container\">\n\t\t\t\t\t\t\t\t\t<p>Especialista en reinvenci\u00f3n laboral y desarrollo de carrera, cuenta con m\u00e1s de 15 a\u00f1os de experiencia en el \u00e1mbito corporativo y de consultor\u00eda. Fue director regional en Adecco, director general en Bruno Matarazzo y Asoc., y gerente general en Lee Hecht Harrison Argentina. Tambi\u00e9n es coach certificado ACC-ICF. Ha conducido procesos de transformaci\u00f3n personal, de equipos y organizaciones. Es licenciado en Psicolog\u00eda y cuenta con un posgrado en Marketing Estrat\u00e9gico. Actualmente, desde EVEIL contribuye a que cada vez m\u00e1s personas puedan reconvertirse y redefinir su prop\u00f3sito laboral.<\/p>\t\t\t\t\t\t\t\t<\/div>\n\t\t\t\t<\/div>\n\t\t\t\t\t<\/div>\n\t\t<\/div>\n\t\t\t\t\t<\/div>\n\t\t<\/section>\n\t\t\t\t<\/div>\n\t\t","protected":false},"excerpt":{"rendered":"<p>Un compa\u00f1\u00eda especializada en procesos de transformaci\u00f3n en el mundo organizacional. Play the change. Marcela Lomba directora Linkedin Especialista en desarrollo de carrera y orientaci\u00f3n profesional. Con m\u00e1s de 20 a\u00f1os de experiencia en el \u00e1mbito corporativo, acad\u00e9mico y de consultor\u00eda, fue responsable de la&#8230;<\/p>\n","protected":false},"author":1,"featured_media":0,"parent":0,"menu_order":0,"comment_status":"closed","ping_status":"closed","template":"elementor_header_footer","meta":{"footnotes":""},"class_list":["post-330","page","type-page","status-publish","hentry"],"yoast_head":"<!-- This site is optimized with the Yoast SEO Premium plugin v15.7 - https:\/\/yoast.com\/wordpress\/plugins\/seo\/ -->\n<title>Sobre nosotros - Reinventate<\/title>\n<meta name=\"robots\" content=\"index, follow, max-snippet:-1, max-image-preview:large, max-video-preview:-1\" \/>\n<link rel=\"canonical\" href=\"https:\/\/labs.eveil.com.ar\/index.php\/elementor-330\/\" \/>\n<meta property=\"og:locale\" content=\"es_ES\" \/>\n<meta property=\"og:type\" content=\"article\" \/>\n<meta property=\"og:title\" content=\"Sobre nosotros - Reinventate\" \/>\n<meta property=\"og:description\" content=\"Un compa\u00f1\u00eda especializada en procesos de transformaci\u00f3n en el mundo organizacional. Play the change. Marcela Lomba directora Linkedin Especialista en desarrollo de carrera y orientaci\u00f3n profesional. Con m\u00e1s de 20 a\u00f1os de experiencia en el \u00e1mbito corporativo, acad\u00e9mico y de consultor\u00eda, fue responsable de la...\" \/>\n<meta property=\"og:url\" content=\"https:\/\/labs.eveil.com.ar\/index.php\/elementor-330\/\" \/>\n<meta property=\"og:site_name\" content=\"Reinventate\" \/>\n<meta property=\"article:publisher\" content=\"https:\/\/www.facebook.com\/Reinventorio.eveil\" \/>\n<meta property=\"article:modified_time\" content=\"2020-07-27T15:34:28+00:00\" \/>\n<meta property=\"og:image\" content=\"http:\/\/labs.eveil.com.ar\/wp-content\/uploads\/2020\/06\/fotosmarcel-300x225.jpg\" \/>\n<meta name=\"twitter:card\" content=\"summary_large_image\" \/>\n<meta name=\"twitter:label1\" content=\"Tiempo de lectura\">\n\t<meta name=\"twitter:data1\" content=\"1 minuto\">\n<script type=\"application\/ld+json\" class=\"yoast-schema-graph\">{\"@context\":\"https:\/\/schema.org\",\"@graph\":[{\"@type\":\"Organization\",\"@id\":\"https:\/\/labs.eveil.com.ar\/#organization\",\"name\":\"reinventorio\",\"url\":\"https:\/\/labs.eveil.com.ar\/\",\"sameAs\":[\"https:\/\/www.facebook.com\/Reinventorio.eveil\",\"https:\/\/www.instagram.com\/reinventorio_eveil\/\",\"https:\/\/www.linkedin.com\/company\/reinventorio-eveil\/\"],\"logo\":{\"@type\":\"ImageObject\",\"@id\":\"https:\/\/labs.eveil.com.ar\/#logo\",\"inLanguage\":\"es\",\"url\":\"https:\/\/labs.eveil.com.ar\/wp-content\/uploads\/2020\/06\/logo-eveil-dark.svg\",\"caption\":\"reinventorio\"},\"image\":{\"@id\":\"https:\/\/labs.eveil.com.ar\/#logo\"}},{\"@type\":\"WebSite\",\"@id\":\"https:\/\/labs.eveil.com.ar\/#website\",\"url\":\"https:\/\/labs.eveil.com.ar\/\",\"name\":\"Reinventate\",\"description\":\"Reinvent\\u00e1 tu carrera laboral\",\"publisher\":{\"@id\":\"https:\/\/labs.eveil.com.ar\/#organization\"},\"potentialAction\":[{\"@type\":\"SearchAction\",\"target\":\"https:\/\/labs.eveil.com.ar\/?s={search_term_string}\",\"query-input\":\"required name=search_term_string\"}],\"inLanguage\":\"es\"},{\"@type\":\"ImageObject\",\"@id\":\"https:\/\/labs.eveil.com.ar\/index.php\/elementor-330\/#primaryimage\",\"inLanguage\":\"es\",\"url\":\"http:\/\/labs.eveil.com.ar\/wp-content\/uploads\/2020\/06\/fotosmarcel-300x225.jpg\"},{\"@type\":\"WebPage\",\"@id\":\"https:\/\/labs.eveil.com.ar\/index.php\/elementor-330\/#webpage\",\"url\":\"https:\/\/labs.eveil.com.ar\/index.php\/elementor-330\/\",\"name\":\"Sobre nosotros - Reinventate\",\"isPartOf\":{\"@id\":\"https:\/\/labs.eveil.com.ar\/#website\"},\"primaryImageOfPage\":{\"@id\":\"https:\/\/labs.eveil.com.ar\/index.php\/elementor-330\/#primaryimage\"},\"datePublished\":\"2020-07-22T15:46:56+00:00\",\"dateModified\":\"2020-07-27T15:34:28+00:00\",\"inLanguage\":\"es\",\"potentialAction\":[{\"@type\":\"ReadAction\",\"target\":[\"https:\/\/labs.eveil.com.ar\/index.php\/elementor-330\/\"]}]}]}<\/script>\n<!-- \/ Yoast SEO Premium plugin. -->","jetpack_sharing_enabled":true,"_links":{"self":[{"href":"https:\/\/labs.eveil.com.ar\/index.php\/wp-json\/wp\/v2\/pages\/330","targetHints":{"allow":["GET"]}}],"collection":[{"href":"https:\/\/labs.eveil.com.ar\/index.php\/wp-json\/wp\/v2\/pages"}],"about":[{"href":"https:\/\/labs.eveil.com.ar\/index.php\/wp-json\/wp\/v2\/types\/page"}],"author":[{"embeddable":true,"href":"https:\/\/labs.eveil.com.ar\/index.php\/wp-json\/wp\/v2\/users\/1"}],"replies":[{"embeddable":true,"href":"https:\/\/labs.eveil.com.ar\/index.php\/wp-json\/wp\/v2\/comments?post=330"}],"version-history":[{"count":29,"href":"https:\/\/labs.eveil.com.ar\/index.php\/wp-json\/wp\/v2\/pages\/330\/revisions"}],"predecessor-version":[{"id":570,"href":"https:\/\/labs.eveil.com.ar\/index.php\/wp-json\/wp\/v2\/pages\/330\/revisions\/570"}],"wp:attachment":[{"href":"https:\/\/labs.eveil.com.ar\/index.php\/wp-json\/wp\/v2\/media?parent=330"}],"curies":[{"name":"wp","href":"https:\/\/api.w.org\/{rel}","templated":true}]}}